{"id":4029,"date":"2024-12-25T11:40:53","date_gmt":"2024-12-25T10:40:53","guid":{"rendered":"https:\/\/test.3e-mi-temps.fr\/politique-de-confidentialite\/"},"modified":"2025-01-16T18:22:02","modified_gmt":"2025-01-16T17:22:02","slug":"politique-de-confidentialite","status":"publish","type":"page","link":"https:\/\/3emitemps.fr\/en\/politique-de-confidentialite\/","title":{"rendered":"Privacy Policy"},"content":{"rendered":"<div data-elementor-type=\"wp-page\" data-elementor-id=\"4029\" class=\"elementor elementor-4029\">\n\t\t\t\t\t\t<section class=\"wd-negative-gap elementor-section elementor-top-section elementor-element elementor-element-318cdf42 elementor-section-boxed elementor-section-height-default elementor-section-height-default\" data-id=\"318cdf42\" data-element_type=\"section\" data-e-type=\"section\" data-settings=\"{&quot;background_background&quot;:&quot;classic&quot;}\">\n\t\t\t\t\t\t\t<div class=\"elementor-background-overlay\"><\/div>\n\t\t\t\t\t\t\t<div class=\"elementor-container elementor-column-gap-default\">\n\t\t\t\t\t<div class=\"elementor-column elementor-col-100 elementor-top-column elementor-element elementor-element-564932e4\" data-id=\"564932e4\" data-element_type=\"column\" data-e-type=\"column\">\n\t\t\t<div class=\"elementor-widget-wrap elementor-element-populated\">\n\t\t\t\t\t\t<div class=\"elementor-element elementor-element-34b0bd03 elementor-widget elementor-widget-spacer\" data-id=\"34b0bd03\" data-element_type=\"widget\" data-e-type=\"widget\" data-widget_type=\"spacer.default\">\n\t\t\t\t<div class=\"elementor-widget-container\">\n\t\t\t\t\t\t\t<div class=\"elementor-spacer\">\n\t\t\t<div class=\"elementor-spacer-inner\"><\/div>\n\t\t<\/div>\n\t\t\t\t\t\t<\/div>\n\t\t\t\t<\/div>\n\t\t\t\t<div class=\"elementor-element elementor-element-b3329c4 elementor-widget elementor-widget-heading\" data-id=\"b3329c4\" data-element_type=\"widget\" data-e-type=\"widget\" data-widget_type=\"heading.default\">\n\t\t\t\t<div class=\"elementor-widget-container\">\n\t\t\t\t\t<h2 class=\"elementor-heading-title elementor-size-default\">Privacy Policy<\/h2>\t\t\t\t<\/div>\n\t\t\t\t<\/div>\n\t\t\t\t<div class=\"elementor-element elementor-element-6897a7fa elementor-widget elementor-widget-spacer\" data-id=\"6897a7fa\" data-element_type=\"widget\" data-e-type=\"widget\" data-widget_type=\"spacer.default\">\n\t\t\t\t<div class=\"elementor-widget-container\">\n\t\t\t\t\t\t\t<div class=\"elementor-spacer\">\n\t\t\t<div class=\"elementor-spacer-inner\"><\/div>\n\t\t<\/div>\n\t\t\t\t\t\t<\/div>\n\t\t\t\t<\/div>\n\t\t\t\t\t<\/div>\n\t\t<\/div>\n\t\t\t\t\t<\/div>\n\t\t<\/section>\n\t\t\t\t<section class=\"wd-negative-gap elementor-section elementor-top-section elementor-element elementor-element-6e5edeae elementor-section-boxed elementor-section-height-default elementor-section-height-default\" data-id=\"6e5edeae\" data-element_type=\"section\" data-e-type=\"section\">\n\t\t\t\t\t\t<div class=\"elementor-container elementor-column-gap-default\">\n\t\t\t\t\t<div class=\"elementor-column elementor-col-100 elementor-top-column elementor-element elementor-element-65045df5\" data-id=\"65045df5\" data-element_type=\"column\" data-e-type=\"column\">\n\t\t\t<div class=\"elementor-widget-wrap elementor-element-populated\">\n\t\t\t\t\t\t<div class=\"elementor-element elementor-element-6c71b83 elementor-widget elementor-widget-spacer\" data-id=\"6c71b83\" data-element_type=\"widget\" data-e-type=\"widget\" data-widget_type=\"spacer.default\">\n\t\t\t\t<div class=\"elementor-widget-container\">\n\t\t\t\t\t\t\t<div class=\"elementor-spacer\">\n\t\t\t<div class=\"elementor-spacer-inner\"><\/div>\n\t\t<\/div>\n\t\t\t\t\t\t<\/div>\n\t\t\t\t<\/div>\n\t\t\t\t<div class=\"elementor-element elementor-element-76e5a7a color-scheme-inherit text-left elementor-widget elementor-widget-text-editor\" data-id=\"76e5a7a\" data-element_type=\"widget\" data-e-type=\"widget\" data-widget_type=\"text-editor.default\">\n\t\t\t\t<div class=\"elementor-widget-container\">\n\t\t\t\t\t\t\t\t\t<p class=\"p1\">The Troisi\u00e8me Mi-Temps website is owned by Troisi\u00e8me Mi-Temps, which is responsible for processing your personal data.<\/p>\n<p class=\"p1\">We have adopted this Privacy Policy which sets out how we treat information collected by Troisi\u00e8me Mi-Temps, which also specifies the reasons why we need to collect certain personal data about you. Therefore, you should read this privacy policy before using Troisi\u00e8me Mi-Temps\u2019 website.<\/p>\n<p class=\"p1\">We take care of your personal data and are committed to ensuring its confidentiality and security.<\/p>\n<p class=\"p1\">Personal information we collect:<\/p>\t\t\t\t\t\t\t\t<\/div>\n\t\t\t\t<\/div>\n\t\t\t\t<div class=\"elementor-element elementor-element-3e0c9956 color-scheme-inherit text-left elementor-widget elementor-widget-text-editor\" data-id=\"3e0c9956\" data-element_type=\"widget\" data-e-type=\"widget\" data-widget_type=\"text-editor.default\">\n\t\t\t\t<div class=\"elementor-widget-container\">\n\t\t\t\t\t\t\t\t\t<p><u>Personal information we collect: <\/u>:<br \/>When you visit Third Half, we automatically collect certain information about your device, including information about your web browser, IP address, time zone, and some of the cookies that are installed on your device. Additionally, as you browse the Site, we collect information about the individual web pages or products that you view, what websites or search terms referred you to the Site, and how you interact with the Site. We refer to this automatically-collected information as \u201cDevice Information.\u201d Additionally, we may collect personal information you provide to us (including, but not limited to, name, address, payment information, etc.) during registration to be able to fulfill the Agreement.<\/p>\t\t\t\t\t\t\t\t<\/div>\n\t\t\t\t<\/div>\n\t\t\t\t<div class=\"elementor-element elementor-element-2180e430 color-scheme-inherit text-left elementor-widget elementor-widget-text-editor\" data-id=\"2180e430\" data-element_type=\"widget\" data-e-type=\"widget\" data-widget_type=\"text-editor.default\">\n\t\t\t\t<div class=\"elementor-widget-container\">\n\t\t\t\t\t\t\t\t\t<p><u>Why do we process your data?<\/u> ?<br \/>Our top priority is the security of customer data and as such we may only process minimal user data, only to the extent that this is absolutely necessary to maintain the website. Automatically collected information is only used to identify potential cases of abuse and to establish statistical information on the use of the website. This statistical information is not otherwise aggregated in such a way as to identify a particular user of the system.<br \/>You can visit the Website without telling us who you are or revealing any information by which someone could identify you as a specific, identifiable individual. However, if you wish to use certain features of the Website, or if you wish to receive our newsletter or provide other information by filling out a form, you may provide us with personal data such as your email, first name, last name, city of residence, organization, telephone number. You can choose not to provide us with your personal data, but you may not be able to take advantage of certain features of the Website. For example, you will not be able to receive our Newsletter or contact us directly from the Website. Users who are unsure about the mandatory information are invited to contact us via <a href=\"mailto:gestion@3e-mi-temps.fr\" rev=\"en_rl_none\">gestion@3e-mi-temps.fr.<\/a><\/p>\t\t\t\t\t\t\t\t<\/div>\n\t\t\t\t<\/div>\n\t\t\t\t<div class=\"elementor-element elementor-element-753ab80a color-scheme-inherit text-left elementor-widget elementor-widget-text-editor\" data-id=\"753ab80a\" data-element_type=\"widget\" data-e-type=\"widget\" data-widget_type=\"text-editor.default\">\n\t\t\t\t<div class=\"elementor-widget-container\">\n\t\t\t\t\t\t\t\t\t<p><u>Your rights<\/u>:<br \/>Si vous \u00eates un r\u00e9sident europ\u00e9en, vous disposez des droits suivants concernant vos donn\u00e9es personnelles :<br \/>* The right to be informed.<br \/>* The right of access.<br \/>* The right of rectification.<br \/>* The right to erasure.<br \/>* The right to restrict processing.<br \/>* The right to data portability.<br \/>* The right to object.<br \/>* Rights relating to automated decision-making and profiling.<br \/>If you wish to exercise this right, please contact us using the contact details below.<br \/>Additionally, if you are a European resident we note that we are processing your information in order to fulfill contracts we might have with you (for example if you make an order through the Site), or otherwise to pursue our legitimate business interests listed above. Additionally, please note that your information may be transferred outside of Europe, including to Canada and the United States.<\/p>\t\t\t\t\t\t\t\t<\/div>\n\t\t\t\t<\/div>\n\t\t\t\t<div class=\"elementor-element elementor-element-4d843e99 color-scheme-inherit text-left elementor-widget elementor-widget-text-editor\" data-id=\"4d843e99\" data-element_type=\"widget\" data-e-type=\"widget\" data-widget_type=\"text-editor.default\">\n\t\t\t\t<div class=\"elementor-widget-container\">\n\t\t\t\t\t\t\t\t\t<p><u>Links to other websites<\/u>\u00a0:<br \/>Our website may contain links to other websites that are not owned or controlled by us. Please be aware that we are not responsible for these other websites or the privacy practices of third parties. We encourage you to be aware when you leave our website and to read the privacy statements of each and every website that may collect personal information.<\/p>\t\t\t\t\t\t\t\t<\/div>\n\t\t\t\t<\/div>\n\t\t\t\t<div class=\"elementor-element elementor-element-e5d3591 color-scheme-inherit text-left elementor-widget elementor-widget-text-editor\" data-id=\"e5d3591\" data-element_type=\"widget\" data-e-type=\"widget\" data-widget_type=\"text-editor.default\">\n\t\t\t\t<div class=\"elementor-widget-container\">\n\t\t\t\t\t\t\t\t\t<p><u>Information sharing<\/u> :<br \/>We will disclose any information we collect, use or receive if required or permitted by law, such as to comply with a subpoena or similar legal process, and when we believe in good faith that disclosure is necessary to protect our rights, protect your safety or the safety of others, investigate fraud, or respond to a government request.<\/p>\t\t\t\t\t\t\t\t<\/div>\n\t\t\t\t<\/div>\n\t\t\t\t<div class=\"elementor-element elementor-element-3295ce23 color-scheme-inherit text-left elementor-widget elementor-widget-text-editor\" data-id=\"3295ce23\" data-element_type=\"widget\" data-e-type=\"widget\" data-widget_type=\"text-editor.default\">\n\t\t\t\t<div class=\"elementor-widget-container\">\n\t\t\t\t\t\t\t\t\t<p><span style=\"text-decoration: underline;\">Contact information<\/span>:<br \/>If you would like to contact us to understand more about this policy or if you would like to contact us regarding any matter relating to individual rights and your personal information, you may send an email to\u00a0<a href=\"mailto:gestion@3e-mi-temps.fr\" rev=\"en_rl_none\">gestion@3e-mi-temps.fr.<\/a><\/p>\t\t\t\t\t\t\t\t<\/div>\n\t\t\t\t<\/div>\n\t\t\t\t<div class=\"elementor-element elementor-element-547b982 elementor-widget elementor-widget-spacer\" data-id=\"547b982\" data-element_type=\"widget\" data-e-type=\"widget\" data-widget_type=\"spacer.default\">\n\t\t\t\t<div class=\"elementor-widget-container\">\n\t\t\t\t\t\t\t<div class=\"elementor-spacer\">\n\t\t\t<div class=\"elementor-spacer-inner\"><\/div>\n\t\t<\/div>\n\t\t\t\t\t\t<\/div>\n\t\t\t\t<\/div>\n\t\t\t\t\t<\/div>\n\t\t<\/div>\n\t\t\t\t\t<\/div>\n\t\t<\/section>\n\t\t\t\t<\/div>","protected":false},"excerpt":{"rendered":"<p>Politique de confidentialit\u00e9 Le site Web de Troisi\u00e8me Mi-Temps est la propri\u00e9t\u00e9 de Troisi\u00e8me Mi-Temps, qui est le responsable du<\/p>","protected":false},"author":1,"featured_media":0,"parent":0,"menu_order":0,"comment_status":"closed","ping_status":"closed","template":"","meta":{"footnotes":""},"class_list":["post-4029","page","type-page","status-publish","hentry"],"yoast_head":"<!-- This site is optimized with the Yoast SEO plugin v27.2 - https:\/\/yoast.com\/product\/yoast-seo-wordpress\/ -->\n<title>Politique de confidentialit\u00e9 - Troisi\u00e8me mi-temps<\/title>\n<meta name=\"robots\" content=\"index, follow, max-snippet:-1, max-image-preview:large, max-video-preview:-1\" \/>\n<link rel=\"canonical\" href=\"https:\/\/3emitemps.fr\/en\/politique-de-confidentialite\/\" \/>\n<meta property=\"og:locale\" content=\"en_GB\" \/>\n<meta property=\"og:type\" content=\"article\" \/>\n<meta property=\"og:title\" content=\"Politique de confidentialit\u00e9 - Troisi\u00e8me mi-temps\" \/>\n<meta property=\"og:description\" content=\"Politique de confidentialit\u00e9 Le site Web de Troisi\u00e8me Mi-Temps est la propri\u00e9t\u00e9 de Troisi\u00e8me Mi-Temps, qui est le responsable du\" \/>\n<meta property=\"og:url\" content=\"https:\/\/3emitemps.fr\/en\/politique-de-confidentialite\/\" \/>\n<meta property=\"og:site_name\" content=\"Troisi\u00e8me mi-temps\" \/>\n<meta property=\"article:publisher\" content=\"https:\/\/www.facebook.com\/materielsport3emitemps\/\" \/>\n<meta property=\"article:modified_time\" content=\"2025-01-16T17:22:02+00:00\" \/>\n<meta name=\"twitter:card\" content=\"summary_large_image\" \/>\n<meta name=\"twitter:label1\" content=\"Estimated reading time\" \/>\n\t<meta name=\"twitter:data1\" content=\"4 minutes\" \/>\n<script type=\"application\/ld+json\" class=\"yoast-schema-graph\">{\"@context\":\"https:\/\/schema.org\",\"@graph\":[{\"@type\":\"WebPage\",\"@id\":\"https:\/\/3emitemps.fr\/politique-de-confidentialite\/\",\"url\":\"https:\/\/3emitemps.fr\/politique-de-confidentialite\/\",\"name\":\"Politique de confidentialit\u00e9 - Troisi\u00e8me mi-temps\",\"isPartOf\":{\"@id\":\"https:\/\/3emitemps.fr\/#website\"},\"datePublished\":\"2024-12-25T10:40:53+00:00\",\"dateModified\":\"2025-01-16T17:22:02+00:00\",\"breadcrumb\":{\"@id\":\"https:\/\/3emitemps.fr\/politique-de-confidentialite\/#breadcrumb\"},\"inLanguage\":\"en-GB\",\"potentialAction\":[{\"@type\":\"ReadAction\",\"target\":[\"https:\/\/3emitemps.fr\/politique-de-confidentialite\/\"]}]},{\"@type\":\"BreadcrumbList\",\"@id\":\"https:\/\/3emitemps.fr\/politique-de-confidentialite\/#breadcrumb\",\"itemListElement\":[{\"@type\":\"ListItem\",\"position\":1,\"name\":\"Home\",\"item\":\"https:\/\/3emitemps.fr\/\"},{\"@type\":\"ListItem\",\"position\":2,\"name\":\"Politique de confidentialit\u00e9\"}]},{\"@type\":\"WebSite\",\"@id\":\"https:\/\/3emitemps.fr\/#website\",\"url\":\"https:\/\/3emitemps.fr\/\",\"name\":\"Troisi\u00e8me mi-temps\",\"description\":\"mat\u00e9riel de sport\",\"publisher\":{\"@id\":\"https:\/\/3emitemps.fr\/#organization\"},\"potentialAction\":[{\"@type\":\"SearchAction\",\"target\":{\"@type\":\"EntryPoint\",\"urlTemplate\":\"https:\/\/3emitemps.fr\/?s={search_term_string}\"},\"query-input\":{\"@type\":\"PropertyValueSpecification\",\"valueRequired\":true,\"valueName\":\"search_term_string\"}}],\"inLanguage\":\"en-GB\"},{\"@type\":\"Organization\",\"@id\":\"https:\/\/3emitemps.fr\/#organization\",\"name\":\"Troisi\u00e8me mi-temps\",\"url\":\"https:\/\/3emitemps.fr\/\",\"logo\":{\"@type\":\"ImageObject\",\"inLanguage\":\"en-GB\",\"@id\":\"https:\/\/3emitemps.fr\/#\/schema\/logo\/image\/\",\"url\":\"https:\/\/3emitemps.fr\/wp-content\/uploads\/2022\/02\/cropped-cropped-materielsport.webp\",\"contentUrl\":\"https:\/\/3emitemps.fr\/wp-content\/uploads\/2022\/02\/cropped-cropped-materielsport.webp\",\"width\":512,\"height\":387,\"caption\":\"Troisi\u00e8me mi-temps\"},\"image\":{\"@id\":\"https:\/\/3emitemps.fr\/#\/schema\/logo\/image\/\"},\"sameAs\":[\"https:\/\/www.facebook.com\/materielsport3emitemps\/\",\"https:\/\/www.instagram.com\/3mtofficiel?igsh=MTFlNXI1N3dkMjBkNA&utm_source=qr\"]}]}<\/script>\n<!-- \/ Yoast SEO plugin. -->","yoast_head_json":{"title":"Politique de confidentialit\u00e9 - Troisi\u00e8me mi-temps","robots":{"index":"index","follow":"follow","max-snippet":"max-snippet:-1","max-image-preview":"max-image-preview:large","max-video-preview":"max-video-preview:-1"},"canonical":"https:\/\/3emitemps.fr\/en\/politique-de-confidentialite\/","og_locale":"en_GB","og_type":"article","og_title":"Politique de confidentialit\u00e9 - Troisi\u00e8me mi-temps","og_description":"Politique de confidentialit\u00e9 Le site Web de Troisi\u00e8me Mi-Temps est la propri\u00e9t\u00e9 de Troisi\u00e8me Mi-Temps, qui est le responsable du","og_url":"https:\/\/3emitemps.fr\/en\/politique-de-confidentialite\/","og_site_name":"Troisi\u00e8me mi-temps","article_publisher":"https:\/\/www.facebook.com\/materielsport3emitemps\/","article_modified_time":"2025-01-16T17:22:02+00:00","twitter_card":"summary_large_image","twitter_misc":{"Estimated reading time":"4 minutes"},"schema":{"@context":"https:\/\/schema.org","@graph":[{"@type":"WebPage","@id":"https:\/\/3emitemps.fr\/politique-de-confidentialite\/","url":"https:\/\/3emitemps.fr\/politique-de-confidentialite\/","name":"Politique de confidentialit\u00e9 - Troisi\u00e8me mi-temps","isPartOf":{"@id":"https:\/\/3emitemps.fr\/#website"},"datePublished":"2024-12-25T10:40:53+00:00","dateModified":"2025-01-16T17:22:02+00:00","breadcrumb":{"@id":"https:\/\/3emitemps.fr\/politique-de-confidentialite\/#breadcrumb"},"inLanguage":"en-GB","potentialAction":[{"@type":"ReadAction","target":["https:\/\/3emitemps.fr\/politique-de-confidentialite\/"]}]},{"@type":"BreadcrumbList","@id":"https:\/\/3emitemps.fr\/politique-de-confidentialite\/#breadcrumb","itemListElement":[{"@type":"ListItem","position":1,"name":"Home","item":"https:\/\/3emitemps.fr\/"},{"@type":"ListItem","position":2,"name":"Politique de confidentialit\u00e9"}]},{"@type":"WebSite","@id":"https:\/\/3emitemps.fr\/#website","url":"https:\/\/3emitemps.fr\/","name":"Troisi\u00e8me mi-temps","description":"mat\u00e9riel de sport","publisher":{"@id":"https:\/\/3emitemps.fr\/#organization"},"potentialAction":[{"@type":"SearchAction","target":{"@type":"EntryPoint","urlTemplate":"https:\/\/3emitemps.fr\/?s={search_term_string}"},"query-input":{"@type":"PropertyValueSpecification","valueRequired":true,"valueName":"search_term_string"}}],"inLanguage":"en-GB"},{"@type":"Organization","@id":"https:\/\/3emitemps.fr\/#organization","name":"Troisi\u00e8me mi-temps","url":"https:\/\/3emitemps.fr\/","logo":{"@type":"ImageObject","inLanguage":"en-GB","@id":"https:\/\/3emitemps.fr\/#\/schema\/logo\/image\/","url":"https:\/\/3emitemps.fr\/wp-content\/uploads\/2022\/02\/cropped-cropped-materielsport.webp","contentUrl":"https:\/\/3emitemps.fr\/wp-content\/uploads\/2022\/02\/cropped-cropped-materielsport.webp","width":512,"height":387,"caption":"Troisi\u00e8me mi-temps"},"image":{"@id":"https:\/\/3emitemps.fr\/#\/schema\/logo\/image\/"},"sameAs":["https:\/\/www.facebook.com\/materielsport3emitemps\/","https:\/\/www.instagram.com\/3mtofficiel?igsh=MTFlNXI1N3dkMjBkNA&utm_source=qr"]}]}},"_links":{"self":[{"href":"https:\/\/3emitemps.fr\/en\/wp-json\/wp\/v2\/pages\/4029","targetHints":{"allow":["GET"]}}],"collection":[{"href":"https:\/\/3emitemps.fr\/en\/wp-json\/wp\/v2\/pages"}],"about":[{"href":"https:\/\/3emitemps.fr\/en\/wp-json\/wp\/v2\/types\/page"}],"author":[{"embeddable":true,"href":"https:\/\/3emitemps.fr\/en\/wp-json\/wp\/v2\/users\/1"}],"replies":[{"embeddable":true,"href":"https:\/\/3emitemps.fr\/en\/wp-json\/wp\/v2\/comments?post=4029"}],"version-history":[{"count":0,"href":"https:\/\/3emitemps.fr\/en\/wp-json\/wp\/v2\/pages\/4029\/revisions"}],"wp:attachment":[{"href":"https:\/\/3emitemps.fr\/en\/wp-json\/wp\/v2\/media?parent=4029"}],"curies":[{"name":"wp","href":"https:\/\/api.w.org\/{rel}","templated":true}]}}