{"id":4063,"date":"2024-12-25T11:40:58","date_gmt":"2024-12-25T10:40:58","guid":{"rendered":"https:\/\/test.3e-mi-temps.fr\/lhistoire-de-troisieme-mi-temps\/"},"modified":"2025-03-24T10:14:46","modified_gmt":"2025-03-24T09:14:46","slug":"lhistoire-de-troisieme-mi-temps","status":"publish","type":"page","link":"https:\/\/3emitemps.fr\/en\/lhistoire-de-troisieme-mi-temps\/","title":{"rendered":"L&rsquo;histoire de Troisi\u00e8me Mi-temps"},"content":{"rendered":"<div data-elementor-type=\"wp-page\" data-elementor-id=\"4063\" class=\"elementor elementor-4063\">\n\t\t\t\t\t\t<section class=\"wd-negative-gap elementor-section elementor-top-section elementor-element elementor-element-7fd03ca4 elementor-section-boxed elementor-section-height-default elementor-section-height-default\" data-id=\"7fd03ca4\" data-element_type=\"section\" data-e-type=\"section\">\n\t\t\t\t\t\t\t<div class=\"elementor-background-overlay\"><\/div>\n\t\t\t\t\t\t\t<div class=\"elementor-container elementor-column-gap-default\">\n\t\t\t\t\t<div class=\"elementor-column elementor-col-100 elementor-top-column elementor-element elementor-element-9d61c99\" data-id=\"9d61c99\" data-element_type=\"column\" data-e-type=\"column\">\n\t\t\t<div class=\"elementor-widget-wrap elementor-element-populated\">\n\t\t\t\t\t\t<div class=\"elementor-element elementor-element-614cd0ea elementor-widget elementor-widget-image\" data-id=\"614cd0ea\" data-element_type=\"widget\" data-e-type=\"widget\" data-widget_type=\"image.default\">\n\t\t\t\t<div class=\"elementor-widget-container\">\n\t\t\t\t\t\t\t\t\t\t\t\t\t\t\t<img loading=\"lazy\" decoding=\"async\" width=\"512\" height=\"512\" src=\"https:\/\/3emitemps.fr\/wp-content\/uploads\/2024\/12\/cropped-materielsport.png\" class=\"attachment-medium_large size-medium_large wp-image-3917\" alt=\"\" srcset=\"https:\/\/3emitemps.fr\/wp-content\/uploads\/2024\/12\/cropped-materielsport.png 512w, https:\/\/3emitemps.fr\/wp-content\/uploads\/2024\/12\/cropped-materielsport-12x12.png 12w, https:\/\/3emitemps.fr\/wp-content\/uploads\/2024\/12\/cropped-materielsport-150x150.png 150w, https:\/\/3emitemps.fr\/wp-content\/uploads\/2024\/12\/cropped-materielsport-300x300.png 300w, https:\/\/3emitemps.fr\/wp-content\/uploads\/2024\/12\/cropped-materielsport-430x430.png 430w\" sizes=\"auto, (max-width: 512px) 100vw, 512px\" \/>\t\t\t\t\t\t\t\t\t\t\t\t\t\t\t<\/div>\n\t\t\t\t<\/div>\n\t\t\t\t<div class=\"elementor-element elementor-element-2b33df06 elementor-widget elementor-widget-heading\" data-id=\"2b33df06\" data-element_type=\"widget\" data-e-type=\"widget\" data-widget_type=\"heading.default\">\n\t\t\t\t<div class=\"elementor-widget-container\">\n\t\t\t\t\t<h1 class=\"elementor-heading-title elementor-size-default\">The story of Troisi\u00e8me Mi-temps <\/h1>\t\t\t\t<\/div>\n\t\t\t\t<\/div>\n\t\t\t\t<div class=\"elementor-element elementor-element-70cff103 elementor-hidden-mobile elementor-widget elementor-widget-spacer\" data-id=\"70cff103\" data-element_type=\"widget\" data-e-type=\"widget\" data-widget_type=\"spacer.default\">\n\t\t\t\t<div class=\"elementor-widget-container\">\n\t\t\t\t\t\t\t<div class=\"elementor-spacer\">\n\t\t\t<div class=\"elementor-spacer-inner\"><\/div>\n\t\t<\/div>\n\t\t\t\t\t\t<\/div>\n\t\t\t\t<\/div>\n\t\t\t\t\t<\/div>\n\t\t<\/div>\n\t\t\t\t\t<\/div>\n\t\t<\/section>\n\t\t\t\t<section class=\"wd-negative-gap elementor-section elementor-top-section elementor-element elementor-element-62c363d0 elementor-section-boxed elementor-section-height-default elementor-section-height-default\" data-id=\"62c363d0\" data-element_type=\"section\" data-e-type=\"section\">\n\t\t\t\t\t\t<div class=\"elementor-container elementor-column-gap-default\">\n\t\t\t\t\t<div class=\"elementor-column elementor-col-100 elementor-top-column elementor-element elementor-element-25b64d69\" data-id=\"25b64d69\" data-element_type=\"column\" data-e-type=\"column\">\n\t\t\t<div class=\"elementor-widget-wrap elementor-element-populated\">\n\t\t\t\t\t\t<div class=\"elementor-element elementor-element-76da36e8 elementor-widget elementor-widget-heading\" data-id=\"76da36e8\" data-element_type=\"widget\" data-e-type=\"widget\" data-widget_type=\"heading.default\">\n\t\t\t\t<div class=\"elementor-widget-container\">\n\t\t\t\t\t<h2 class=\"elementor-heading-title elementor-size-default\">Football passionate<\/h2>\t\t\t\t<\/div>\n\t\t\t\t<\/div>\n\t\t\t\t<div class=\"elementor-element elementor-element-1806f34f elementor-widget-mobile__width-initial color-scheme-inherit text-left elementor-widget elementor-widget-text-editor\" data-id=\"1806f34f\" data-element_type=\"widget\" data-e-type=\"widget\" data-widget_type=\"text-editor.default\">\n\t\t\t\t<div class=\"elementor-widget-container\">\n\t\t\t\t\t\t\t\t\t<p><span style=\"color: var( --e-global-color-36a14803 ); font-family: var( --e-global-typography-5dbadfd-font-family ), Sans-serif; font-size: var( --e-global-typography-5dbadfd-font-size ); font-weight: var( --e-global-typography-5dbadfd-font-weight ); letter-spacing: var( --e-global-typography-5dbadfd-letter-spacing ); text-transform: var( --e-global-typography-5dbadfd-text-transform ); word-spacing: var( --e-global-typography-5dbadfd-word-spacing );\">Troisi\u00e8me Mi-Temps, is the story of Mika, a sports and football enthusiast. A follower who wants to make the sports equipment and sports equipment industry more accessible and affordable for everyone.<\/span><\/p><p>The story begins a Sunday morning a few hours before a football match. Mika realizes that her molded crampons will not allow him to play on muddy ground. Indeed, he knows that his tenure depends on his crampons. <br \/>Unfortunately, nearby sports stores are closed on Sundays. Mika then wonders how he will be able to find iron crampons on a Sunday morning? After long reflections and a painful morning of research, he ends up finding a shoe at his foot !<\/p><p>Just before leaving for his match, an idea crosses his mind. Why not create a resale platform for sports equipment and football equipment between individuals? Mika then imagined third half. A platform that sells used sports equipment. A sharing between individuals and professionals that allows you to find the right sports equipment, at the right time, in the right place and at the right price! And all that, even in the 'money time' like a Sunday morning before the afternoon match! Here is the story of Troisi\u00e8me Mi-Temps.\u00a0<\/p>\t\t\t\t\t\t\t\t<\/div>\n\t\t\t\t<\/div>\n\t\t\t\t\t<\/div>\n\t\t<\/div>\n\t\t\t\t\t<\/div>\n\t\t<\/section>\n\t\t\t\t<section class=\"wd-negative-gap elementor-section elementor-top-section elementor-element elementor-element-735893d3 elementor-section-boxed elementor-section-height-default elementor-section-height-default\" data-id=\"735893d3\" data-element_type=\"section\" data-e-type=\"section\">\n\t\t\t\t\t\t<div class=\"elementor-container elementor-column-gap-default\">\n\t\t\t\t\t<div class=\"elementor-column elementor-col-50 elementor-top-column elementor-element elementor-element-24beef8d\" data-id=\"24beef8d\" data-element_type=\"column\" data-e-type=\"column\">\n\t\t\t<div class=\"elementor-widget-wrap elementor-element-populated\">\n\t\t\t\t\t\t<div class=\"elementor-element elementor-element-7577b0d0 elementor-widget elementor-widget-heading\" data-id=\"7577b0d0\" data-element_type=\"widget\" data-e-type=\"widget\" data-widget_type=\"heading.default\">\n\t\t\t\t<div class=\"elementor-widget-container\">\n\t\t\t\t\t<h2 class=\"elementor-heading-title elementor-size-default\">Sport for all<\/h2>\t\t\t\t<\/div>\n\t\t\t\t<\/div>\n\t\t\t\t<div class=\"elementor-element elementor-element-7c0a0966 color-scheme-inherit text-left elementor-widget elementor-widget-text-editor\" data-id=\"7c0a0966\" data-element_type=\"widget\" data-e-type=\"widget\" data-widget_type=\"text-editor.default\">\n\t\t\t\t<div class=\"elementor-widget-container\">\n\t\t\t\t\t\t\t\t\t<p>The goal of Troisi\u00e8me Mi-Temps:  to offer everyone the opportunity to equip themselves at any time in an optimal way to practice their sport, and to play sports a practice for everyone, without economic discrimination.\u00a0\u00a0<\/p>\t\t\t\t\t\t\t\t<\/div>\n\t\t\t\t<\/div>\n\t\t\t\t<div class=\"elementor-element elementor-element-ffa2c9e color-scheme-inherit text-left elementor-widget elementor-widget-text-editor\" data-id=\"ffa2c9e\" data-element_type=\"widget\" data-e-type=\"widget\" data-widget_type=\"text-editor.default\">\n\t\t\t\t<div class=\"elementor-widget-container\">\n\t\t\t\t\t\t\t\t\t<p>Facilitate the sale of professionals of professionals, enhance your hidden and forgotten treasures in your cupboards, encourage sharing and reduce the reflex to throw sports equipment in good condition ... These are the missions of Troisi\u00e8me Mi-Temps !\u00a0<\/p>\t\t\t\t\t\t\t\t<\/div>\n\t\t\t\t<\/div>\n\t\t\t\t\t<\/div>\n\t\t<\/div>\n\t\t\t\t<div class=\"elementor-column elementor-col-50 elementor-top-column elementor-element elementor-element-3aa7419c\" data-id=\"3aa7419c\" data-element_type=\"column\" data-e-type=\"column\">\n\t\t\t<div class=\"elementor-widget-wrap elementor-element-populated\">\n\t\t\t\t\t\t<div class=\"elementor-element elementor-element-528bd95c elementor-widget elementor-widget-image\" data-id=\"528bd95c\" data-element_type=\"widget\" data-e-type=\"widget\" data-widget_type=\"image.default\">\n\t\t\t\t<div class=\"elementor-widget-container\">\n\t\t\t\t\t\t\t\t\t\t\t\t\t\t\t<img loading=\"lazy\" decoding=\"async\" width=\"768\" height=\"477\" src=\"https:\/\/3emitemps.fr\/wp-content\/uploads\/2024\/12\/A-PROPOS-768x477.jpg\" class=\"attachment-medium_large size-medium_large wp-image-3918\" alt=\"\" srcset=\"https:\/\/3emitemps.fr\/wp-content\/uploads\/2024\/12\/A-PROPOS-768x477.jpg 768w, https:\/\/3emitemps.fr\/wp-content\/uploads\/2024\/12\/A-PROPOS-400x248.jpg 400w, https:\/\/3emitemps.fr\/wp-content\/uploads\/2024\/12\/A-PROPOS-18x12.jpg 18w, https:\/\/3emitemps.fr\/wp-content\/uploads\/2024\/12\/A-PROPOS-430x267.jpg 430w, https:\/\/3emitemps.fr\/wp-content\/uploads\/2024\/12\/A-PROPOS-700x434.jpg 700w, https:\/\/3emitemps.fr\/wp-content\/uploads\/2024\/12\/A-PROPOS-150x93.jpg 150w, https:\/\/3emitemps.fr\/wp-content\/uploads\/2024\/12\/A-PROPOS.jpg 1289w\" sizes=\"auto, (max-width: 768px) 100vw, 768px\" \/>\t\t\t\t\t\t\t\t\t\t\t\t\t\t\t<\/div>\n\t\t\t\t<\/div>\n\t\t\t\t\t<\/div>\n\t\t<\/div>\n\t\t\t\t\t<\/div>\n\t\t<\/section>\n\t\t\t\t<section class=\"wd-negative-gap elementor-section elementor-top-section elementor-element elementor-element-526a6b4a elementor-section-boxed elementor-section-height-default elementor-section-height-default\" data-id=\"526a6b4a\" data-element_type=\"section\" data-e-type=\"section\">\n\t\t\t\t\t\t<div class=\"elementor-container elementor-column-gap-default\">\n\t\t\t\t\t<div class=\"elementor-column elementor-col-100 elementor-top-column elementor-element elementor-element-152ab7a1\" data-id=\"152ab7a1\" data-element_type=\"column\" data-e-type=\"column\">\n\t\t\t<div class=\"elementor-widget-wrap elementor-element-populated\">\n\t\t\t\t\t\t<div class=\"elementor-element elementor-element-12eae58d elementor-widget elementor-widget-heading\" data-id=\"12eae58d\" data-element_type=\"widget\" data-e-type=\"widget\" data-widget_type=\"heading.default\">\n\t\t\t\t<div class=\"elementor-widget-container\">\n\t\t\t\t\t<h2 class=\"elementor-heading-title elementor-size-default\">circular economy <\/h2>\t\t\t\t<\/div>\n\t\t\t\t<\/div>\n\t\t\t\t<div class=\"elementor-element elementor-element-67abfc8c color-scheme-inherit text-left elementor-widget elementor-widget-text-editor\" data-id=\"67abfc8c\" data-element_type=\"widget\" data-e-type=\"widget\" data-widget_type=\"text-editor.default\">\n\t\t\t\t<div class=\"elementor-widget-container\">\n\t\t\t\t\t\t\t\t\t<p dir=\"auto\">The production of our clothes, our equipment and our sports equipment generates a strong negative ecological impact on our planet ! The textile industry is one of the most polluting in the world.\u00a0<\/p><p>Favoriser\u00a0\u00a0la seconde main et la revente d\u2019\u00e9quipements sportifs d\u2019occasion permet\u00a0\u00a0de r\u00e9duire la production de textiles et \u00e9quipements neufs.\u00a0<\/p><p>By granting a third half to our sports equipment, we allow the planet to breathe better !\u00a0<\/p><p dir=\"auto\">The principle of circular economy aims to limit overconsumption, Troisi\u00e8me Mi-Temps wishes to be a key player in this principle and intends to value it !\u00a0<\/p>\t\t\t\t\t\t\t\t<\/div>\n\t\t\t\t<\/div>\n\t\t\t\t\t<\/div>\n\t\t<\/div>\n\t\t\t\t\t<\/div>\n\t\t<\/section>\n\t\t\t\t<section class=\"wd-negative-gap elementor-section elementor-top-section elementor-element elementor-element-747c8afc elementor-section-boxed elementor-section-height-default elementor-section-height-default\" data-id=\"747c8afc\" data-element_type=\"section\" data-e-type=\"section\">\n\t\t\t\t\t\t<div class=\"elementor-container elementor-column-gap-default\">\n\t\t\t\t\t<div class=\"elementor-column elementor-col-100 elementor-top-column elementor-element elementor-element-6c9208d0\" data-id=\"6c9208d0\" data-element_type=\"column\" data-e-type=\"column\">\n\t\t\t<div class=\"elementor-widget-wrap elementor-element-populated\">\n\t\t\t\t\t\t<div class=\"elementor-element elementor-element-61aedeef elementor-align-center elementor-widget elementor-widget-button\" data-id=\"61aedeef\" data-element_type=\"widget\" data-e-type=\"widget\" data-widget_type=\"button.default\">\n\t\t\t\t<div class=\"elementor-widget-container\">\n\t\t\t\t\t\t\t\t\t<div class=\"elementor-button-wrapper\">\n\t\t\t\t\t<a class=\"elementor-button elementor-button-link elementor-size-lg\" href=\"https:\/\/3emitemps.fr\/en\/shop\/\">\n\t\t\t\t\t\t<span class=\"elementor-button-content-wrapper\">\n\t\t\t\t\t\t\t\t\t<span class=\"elementor-button-text\">Ready to equip yourself ?<\/span>\n\t\t\t\t\t<\/span>\n\t\t\t\t\t<\/a>\n\t\t\t\t<\/div>\n\t\t\t\t\t\t\t\t<\/div>\n\t\t\t\t<\/div>\n\t\t\t\t<div class=\"elementor-element elementor-element-369dc5c1 elementor-widget elementor-widget-spacer\" data-id=\"369dc5c1\" data-element_type=\"widget\" data-e-type=\"widget\" data-widget_type=\"spacer.default\">\n\t\t\t\t<div class=\"elementor-widget-container\">\n\t\t\t\t\t\t\t<div class=\"elementor-spacer\">\n\t\t\t<div class=\"elementor-spacer-inner\"><\/div>\n\t\t<\/div>\n\t\t\t\t\t\t<\/div>\n\t\t\t\t<\/div>\n\t\t\t\t\t<\/div>\n\t\t<\/div>\n\t\t\t\t\t<\/div>\n\t\t<\/section>\n\t\t\t\t<\/div>","protected":false},"excerpt":{"rendered":"<p>L&rsquo;histoire de Troisi\u00e8me Mi-temps Passionn\u00e9 de foot Troisi\u00e8me Mi-Temps, c&rsquo;est l&rsquo;histoire de Mika, un passionn\u00e9 de sport et de foot.<\/p>","protected":false},"author":1,"featured_media":0,"parent":0,"menu_order":0,"comment_status":"closed","ping_status":"closed","template":"","meta":{"footnotes":""},"class_list":["post-4063","page","type-page","status-publish","hentry"],"yoast_head":"<!-- This site is optimized with the Yoast SEO plugin v27.2 - https:\/\/yoast.com\/product\/yoast-seo-wordpress\/ -->\n<title>L&#039;histoire de Troisi\u00e8me Mi-temps - Troisi\u00e8me mi-temps<\/title>\n<meta name=\"robots\" content=\"index, follow, max-snippet:-1, max-image-preview:large, max-video-preview:-1\" \/>\n<link rel=\"canonical\" href=\"https:\/\/3emitemps.fr\/en\/lhistoire-de-troisieme-mi-temps\/\" \/>\n<meta property=\"og:locale\" content=\"en_GB\" \/>\n<meta property=\"og:type\" content=\"article\" \/>\n<meta property=\"og:title\" content=\"L&#039;histoire de Troisi\u00e8me Mi-temps - Troisi\u00e8me mi-temps\" \/>\n<meta property=\"og:description\" content=\"L&rsquo;histoire de Troisi\u00e8me Mi-temps Passionn\u00e9 de foot Troisi\u00e8me Mi-Temps, c&rsquo;est l&rsquo;histoire de Mika, un passionn\u00e9 de sport et de foot.\" \/>\n<meta property=\"og:url\" content=\"https:\/\/3emitemps.fr\/en\/lhistoire-de-troisieme-mi-temps\/\" \/>\n<meta property=\"og:site_name\" content=\"Troisi\u00e8me mi-temps\" \/>\n<meta property=\"article:publisher\" content=\"https:\/\/www.facebook.com\/materielsport3emitemps\/\" \/>\n<meta property=\"article:modified_time\" content=\"2025-03-24T09:14:46+00:00\" \/>\n<meta property=\"og:image\" content=\"https:\/\/3emitemps.fr\/wp-content\/uploads\/2024\/12\/cropped-materielsport.png\" \/>\n\t<meta property=\"og:image:width\" content=\"512\" \/>\n\t<meta property=\"og:image:height\" content=\"512\" \/>\n\t<meta property=\"og:image:type\" content=\"image\/png\" \/>\n<meta name=\"twitter:card\" content=\"summary_large_image\" \/>\n<meta name=\"twitter:label1\" content=\"Estimated reading time\" \/>\n\t<meta name=\"twitter:data1\" content=\"3 minutes\" \/>\n<script type=\"application\/ld+json\" class=\"yoast-schema-graph\">{\"@context\":\"https:\/\/schema.org\",\"@graph\":[{\"@type\":\"WebPage\",\"@id\":\"https:\/\/3emitemps.fr\/lhistoire-de-troisieme-mi-temps\/\",\"url\":\"https:\/\/3emitemps.fr\/lhistoire-de-troisieme-mi-temps\/\",\"name\":\"L'histoire de Troisi\u00e8me Mi-temps - Troisi\u00e8me mi-temps\",\"isPartOf\":{\"@id\":\"https:\/\/3emitemps.fr\/#website\"},\"primaryImageOfPage\":{\"@id\":\"https:\/\/3emitemps.fr\/lhistoire-de-troisieme-mi-temps\/#primaryimage\"},\"image\":{\"@id\":\"https:\/\/3emitemps.fr\/lhistoire-de-troisieme-mi-temps\/#primaryimage\"},\"thumbnailUrl\":\"https:\/\/3emitemps.fr\/wp-content\/uploads\/2024\/12\/cropped-materielsport.png\",\"datePublished\":\"2024-12-25T10:40:58+00:00\",\"dateModified\":\"2025-03-24T09:14:46+00:00\",\"breadcrumb\":{\"@id\":\"https:\/\/3emitemps.fr\/lhistoire-de-troisieme-mi-temps\/#breadcrumb\"},\"inLanguage\":\"en-GB\",\"potentialAction\":[{\"@type\":\"ReadAction\",\"target\":[\"https:\/\/3emitemps.fr\/lhistoire-de-troisieme-mi-temps\/\"]}]},{\"@type\":\"ImageObject\",\"inLanguage\":\"en-GB\",\"@id\":\"https:\/\/3emitemps.fr\/lhistoire-de-troisieme-mi-temps\/#primaryimage\",\"url\":\"https:\/\/3emitemps.fr\/wp-content\/uploads\/2024\/12\/cropped-materielsport.png\",\"contentUrl\":\"https:\/\/3emitemps.fr\/wp-content\/uploads\/2024\/12\/cropped-materielsport.png\"},{\"@type\":\"BreadcrumbList\",\"@id\":\"https:\/\/3emitemps.fr\/lhistoire-de-troisieme-mi-temps\/#breadcrumb\",\"itemListElement\":[{\"@type\":\"ListItem\",\"position\":1,\"name\":\"Home\",\"item\":\"https:\/\/3emitemps.fr\/\"},{\"@type\":\"ListItem\",\"position\":2,\"name\":\"L&rsquo;histoire de Troisi\u00e8me Mi-temps\"}]},{\"@type\":\"WebSite\",\"@id\":\"https:\/\/3emitemps.fr\/#website\",\"url\":\"https:\/\/3emitemps.fr\/\",\"name\":\"Troisi\u00e8me mi-temps\",\"description\":\"mat\u00e9riel de sport\",\"publisher\":{\"@id\":\"https:\/\/3emitemps.fr\/#organization\"},\"potentialAction\":[{\"@type\":\"SearchAction\",\"target\":{\"@type\":\"EntryPoint\",\"urlTemplate\":\"https:\/\/3emitemps.fr\/?s={search_term_string}\"},\"query-input\":{\"@type\":\"PropertyValueSpecification\",\"valueRequired\":true,\"valueName\":\"search_term_string\"}}],\"inLanguage\":\"en-GB\"},{\"@type\":\"Organization\",\"@id\":\"https:\/\/3emitemps.fr\/#organization\",\"name\":\"Troisi\u00e8me mi-temps\",\"url\":\"https:\/\/3emitemps.fr\/\",\"logo\":{\"@type\":\"ImageObject\",\"inLanguage\":\"en-GB\",\"@id\":\"https:\/\/3emitemps.fr\/#\/schema\/logo\/image\/\",\"url\":\"https:\/\/3emitemps.fr\/wp-content\/uploads\/2022\/02\/cropped-cropped-materielsport.webp\",\"contentUrl\":\"https:\/\/3emitemps.fr\/wp-content\/uploads\/2022\/02\/cropped-cropped-materielsport.webp\",\"width\":512,\"height\":387,\"caption\":\"Troisi\u00e8me mi-temps\"},\"image\":{\"@id\":\"https:\/\/3emitemps.fr\/#\/schema\/logo\/image\/\"},\"sameAs\":[\"https:\/\/www.facebook.com\/materielsport3emitemps\/\",\"https:\/\/www.instagram.com\/3mtofficiel?igsh=MTFlNXI1N3dkMjBkNA&utm_source=qr\"]}]}<\/script>\n<!-- \/ Yoast SEO plugin. -->","yoast_head_json":{"title":"L'histoire de Troisi\u00e8me Mi-temps - Troisi\u00e8me mi-temps","robots":{"index":"index","follow":"follow","max-snippet":"max-snippet:-1","max-image-preview":"max-image-preview:large","max-video-preview":"max-video-preview:-1"},"canonical":"https:\/\/3emitemps.fr\/en\/lhistoire-de-troisieme-mi-temps\/","og_locale":"en_GB","og_type":"article","og_title":"L'histoire de Troisi\u00e8me Mi-temps - Troisi\u00e8me mi-temps","og_description":"L&rsquo;histoire de Troisi\u00e8me Mi-temps Passionn\u00e9 de foot Troisi\u00e8me Mi-Temps, c&rsquo;est l&rsquo;histoire de Mika, un passionn\u00e9 de sport et de foot.","og_url":"https:\/\/3emitemps.fr\/en\/lhistoire-de-troisieme-mi-temps\/","og_site_name":"Troisi\u00e8me mi-temps","article_publisher":"https:\/\/www.facebook.com\/materielsport3emitemps\/","article_modified_time":"2025-03-24T09:14:46+00:00","og_image":[{"width":512,"height":512,"url":"https:\/\/3emitemps.fr\/wp-content\/uploads\/2024\/12\/cropped-materielsport.png","type":"image\/png"}],"twitter_card":"summary_large_image","twitter_misc":{"Estimated reading time":"3 minutes"},"schema":{"@context":"https:\/\/schema.org","@graph":[{"@type":"WebPage","@id":"https:\/\/3emitemps.fr\/lhistoire-de-troisieme-mi-temps\/","url":"https:\/\/3emitemps.fr\/lhistoire-de-troisieme-mi-temps\/","name":"L'histoire de Troisi\u00e8me Mi-temps - Troisi\u00e8me mi-temps","isPartOf":{"@id":"https:\/\/3emitemps.fr\/#website"},"primaryImageOfPage":{"@id":"https:\/\/3emitemps.fr\/lhistoire-de-troisieme-mi-temps\/#primaryimage"},"image":{"@id":"https:\/\/3emitemps.fr\/lhistoire-de-troisieme-mi-temps\/#primaryimage"},"thumbnailUrl":"https:\/\/3emitemps.fr\/wp-content\/uploads\/2024\/12\/cropped-materielsport.png","datePublished":"2024-12-25T10:40:58+00:00","dateModified":"2025-03-24T09:14:46+00:00","breadcrumb":{"@id":"https:\/\/3emitemps.fr\/lhistoire-de-troisieme-mi-temps\/#breadcrumb"},"inLanguage":"en-GB","potentialAction":[{"@type":"ReadAction","target":["https:\/\/3emitemps.fr\/lhistoire-de-troisieme-mi-temps\/"]}]},{"@type":"ImageObject","inLanguage":"en-GB","@id":"https:\/\/3emitemps.fr\/lhistoire-de-troisieme-mi-temps\/#primaryimage","url":"https:\/\/3emitemps.fr\/wp-content\/uploads\/2024\/12\/cropped-materielsport.png","contentUrl":"https:\/\/3emitemps.fr\/wp-content\/uploads\/2024\/12\/cropped-materielsport.png"},{"@type":"BreadcrumbList","@id":"https:\/\/3emitemps.fr\/lhistoire-de-troisieme-mi-temps\/#breadcrumb","itemListElement":[{"@type":"ListItem","position":1,"name":"Home","item":"https:\/\/3emitemps.fr\/"},{"@type":"ListItem","position":2,"name":"L&rsquo;histoire de Troisi\u00e8me Mi-temps"}]},{"@type":"WebSite","@id":"https:\/\/3emitemps.fr\/#website","url":"https:\/\/3emitemps.fr\/","name":"Troisi\u00e8me mi-temps","description":"mat\u00e9riel de sport","publisher":{"@id":"https:\/\/3emitemps.fr\/#organization"},"potentialAction":[{"@type":"SearchAction","target":{"@type":"EntryPoint","urlTemplate":"https:\/\/3emitemps.fr\/?s={search_term_string}"},"query-input":{"@type":"PropertyValueSpecification","valueRequired":true,"valueName":"search_term_string"}}],"inLanguage":"en-GB"},{"@type":"Organization","@id":"https:\/\/3emitemps.fr\/#organization","name":"Troisi\u00e8me mi-temps","url":"https:\/\/3emitemps.fr\/","logo":{"@type":"ImageObject","inLanguage":"en-GB","@id":"https:\/\/3emitemps.fr\/#\/schema\/logo\/image\/","url":"https:\/\/3emitemps.fr\/wp-content\/uploads\/2022\/02\/cropped-cropped-materielsport.webp","contentUrl":"https:\/\/3emitemps.fr\/wp-content\/uploads\/2022\/02\/cropped-cropped-materielsport.webp","width":512,"height":387,"caption":"Troisi\u00e8me mi-temps"},"image":{"@id":"https:\/\/3emitemps.fr\/#\/schema\/logo\/image\/"},"sameAs":["https:\/\/www.facebook.com\/materielsport3emitemps\/","https:\/\/www.instagram.com\/3mtofficiel?igsh=MTFlNXI1N3dkMjBkNA&utm_source=qr"]}]}},"_links":{"self":[{"href":"https:\/\/3emitemps.fr\/en\/wp-json\/wp\/v2\/pages\/4063","targetHints":{"allow":["GET"]}}],"collection":[{"href":"https:\/\/3emitemps.fr\/en\/wp-json\/wp\/v2\/pages"}],"about":[{"href":"https:\/\/3emitemps.fr\/en\/wp-json\/wp\/v2\/types\/page"}],"author":[{"embeddable":true,"href":"https:\/\/3emitemps.fr\/en\/wp-json\/wp\/v2\/users\/1"}],"replies":[{"embeddable":true,"href":"https:\/\/3emitemps.fr\/en\/wp-json\/wp\/v2\/comments?post=4063"}],"version-history":[{"count":0,"href":"https:\/\/3emitemps.fr\/en\/wp-json\/wp\/v2\/pages\/4063\/revisions"}],"wp:attachment":[{"href":"https:\/\/3emitemps.fr\/en\/wp-json\/wp\/v2\/media?parent=4063"}],"curies":[{"name":"wp","href":"https:\/\/api.w.org\/{rel}","templated":true}]}}